{"id":849,"date":"2021-02-20T20:23:30","date_gmt":"2021-02-20T20:23:30","guid":{"rendered":"http:\/\/www.zvonecek.space\/intranet\/register\/"},"modified":"2021-02-20T20:23:30","modified_gmt":"2021-02-20T20:23:30","slug":"register","status":"publish","type":"page","link":"https:\/\/www.zvonecek.cz\/intranet\/register\/","title":{"rendered":"Registrace"},"content":{"rendered":"\n<div class=\"um um-register um-842\">\n\t<div class=\"um-form\" data-mode=\"register\">\n\t\t<form method=\"post\" action=\"\">\n\t\t\t<div class=\"um-row _um_row_1 \" style=\"padding: 0px 0px 0px 0px;margin: 0px 0px 30px 0px;border-width: 0px 0px 0px 0px;border-style: solid;border-color: #a21a1a;border-radius: 0px;\"><div class=\"um-col-1\"><div  id=\"um_field_842_first_name\" class=\"um-field um-field-text  um-field-first_name um-field-text um-field-type_text\" data-key=\"first_name\"><div class=\"um-field-label\"><label for=\"first_name-842\">Jm\u00e9no<\/label><div class=\"um-clear\"><\/div><\/div><div class=\"um-field-area\"><input  autocomplete=\"off\" class=\"um-form-field valid \" type=\"text\" name=\"first_name-842\" id=\"first_name-842\" value=\"\" placeholder=\"\" data-validate=\"\" data-key=\"first_name\"  aria-invalid=\"false\" \/>\n\n\t\t\t\t\t\t<\/div><\/div><div  id=\"um_field_842_last_name\" class=\"um-field um-field-text  um-field-last_name um-field-text um-field-type_text\" data-key=\"last_name\"><div class=\"um-field-label\"><label for=\"last_name-842\">P\u0159\u00edjmen\u00ed<\/label><div class=\"um-clear\"><\/div><\/div><div class=\"um-field-area\"><input  autocomplete=\"off\" class=\"um-form-field valid \" type=\"text\" name=\"last_name-842\" id=\"last_name-842\" value=\"\" placeholder=\"\" data-validate=\"\" data-key=\"last_name\"  aria-invalid=\"false\" \/>\n\n\t\t\t\t\t\t<\/div><\/div><div  id=\"um_field_842_kdo_to_je\" class=\"um-field um-field-text  um-field-kdo_to_je um-field-text um-field-type_text\" data-key=\"kdo_to_je\"><div class=\"um-field-label\"><label for=\"kdo_to_je-842\">Kdo jste? (Napi\u0161te V\u00e1\u0161 vztah ke sboru, \u010di \u010dlen\u016fm ve sboru.)<\/label><span class=\"um-tip um-tip-w\" title=\"aktivn\u00ed \u010dlen, b\u00fdval\u00fd \u010dlen, rodi\u010d (jm\u00e9no d\u00edt\u011bte), p\u0159\u00edbuzn\u00e1\/\u00fd (jm\u00e9no d\u00edt\u011bte), atd.\"><i class=\"um-icon-help-circled\"><\/i><\/span><div class=\"um-clear\"><\/div><\/div><div class=\"um-field-area\"><input  autocomplete=\"off\" class=\"um-form-field valid \" type=\"text\" name=\"kdo_to_je-842\" id=\"kdo_to_je-842\" value=\"\" placeholder=\"\" data-validate=\"\" data-key=\"kdo_to_je\"  aria-invalid=\"false\" \/>\n\n\t\t\t\t\t\t<\/div><\/div><div  id=\"um_field_842_user_email\" class=\"um-field um-field-text  um-field-user_email um-field-text um-field-type_text\" data-key=\"user_email\"><div class=\"um-field-label\"><label for=\"user_email-842\">E-mail Address<\/label><div class=\"um-clear\"><\/div><\/div><div class=\"um-field-area\"><input  autocomplete=\"off\" class=\"um-form-field valid \" type=\"text\" name=\"user_email-842\" id=\"user_email-842\" value=\"\" placeholder=\"\" data-validate=\"unique_email\" data-key=\"user_email\"  aria-invalid=\"false\" \/>\n\n\t\t\t\t\t\t<\/div><\/div><div  id=\"um_field_842_user_password\" class=\"um-field um-field-password  um-field-user_password um-field-password um-field-type_password\" data-key=\"user_password\"><div class=\"um-field-label\"><label for=\"user_password-842\">Heslo<\/label><div class=\"um-clear\"><\/div><\/div><div class=\"um-field-area\"><input class=\"um-form-field valid \" type=\"password\" name=\"user_password-842\" id=\"user_password-842\" value=\"\" placeholder=\"\" data-validate=\"\" data-key=\"user_password\"  aria-invalid=\"false\" \/>\n\n\t\t\t\t\t\t\t<\/div><\/div><div  id=\"um_field_842_confirm_user_password\" class=\"um-field um-field-password  um-field-user_password um-field-password um-field-type_password\" data-key=\"confirm_user_password\"><div class=\"um-field-label\"><label for=\"confirm_user_password-842\">Opakovat Heslo<\/label><div class=\"um-clear\"><\/div><\/div><div class=\"um-field-area\"><input class=\"um-form-field valid \" type=\"password\" name=\"confirm_user_password-842\" id=\"confirm_user_password-842\" value=\"\" placeholder=\"Opakovat Heslo\" data-validate=\"\" data-key=\"confirm_user_password\"  aria-invalid=\"false\" \/><\/div><\/div><\/div><\/div>\t\t<input type=\"hidden\" name=\"form_id\" id=\"form_id_842\" value=\"842\" \/>\n\t\n\t<p class=\"um_request_name\">\n\t\t<label for=\"um_request_842\">Only fill in if you are not human<\/label>\n\t\t<input type=\"hidden\" name=\"um_request\" id=\"um_request_842\" class=\"input\" value=\"\" size=\"25\" autocomplete=\"off\" \/>\n\t<\/p>\n\n\t<input type=\"hidden\" id=\"_wpnonce\" name=\"_wpnonce\" value=\"9d596d4ab6\" \/><input type=\"hidden\" name=\"_wp_http_referer\" value=\"\/intranet\/wp-json\/wp\/v2\/pages\/849\" \/>\n<div class=\"g-recaptcha\" id=\"um-842\" data-mode=\"register\"><\/div>\n\n\n\t<div class=\"um-col-alt\">\n\n\t\t\n\t\t\t<div class=\"um-left um-half\">\n\t\t\t\t<input type=\"submit\" value=\"Registrace\" class=\"um-button\" id=\"um-submit-btn\" \/>\n\t\t\t<\/div>\n\t\t\t<div class=\"um-right um-half\">\n\t\t\t\t<a href=\"https:\/\/www.zvonecek.cz\/intranet\/login\/\" class=\"um-button um-alt\">\n\t\t\t\t\tP\u0159ihl\u00e1\u0161en\u00ed\t\t\t\t<\/a>\n\t\t\t<\/div>\n\n\t\t\n\t\t<div class=\"um-clear\"><\/div>\n\n\t<\/div>\n\n\t\t\t<\/form>\n\t<\/div>\n<\/div>\n<style>\n\t\t\t.um-842.um {\n\t\t\tmax-width: 450px;\n\t\t}\n\t\t<\/style>\n\n","protected":false},"excerpt":{"rendered":"Jm\u00e9no P\u0159\u00edjmen\u00ed Kdo jste? (Napi\u0161te V\u00e1\u0161 vztah ke sboru, \u010di \u010dlen\u016fm ve sboru.) E-mail Address Heslo Opakovat Heslo Only fill in if you are not human P\u0159ihl\u00e1\u0161en\u00ed","protected":false},"author":1,"featured_media":0,"parent":0,"menu_order":0,"comment_status":"closed","ping_status":"closed","template":"","meta":{"footnotes":""},"class_list":["post-849","page","type-page","status-publish","hentry","entry"],"_links":{"self":[{"href":"https:\/\/www.zvonecek.cz\/intranet\/wp-json\/wp\/v2\/pages\/849","targetHints":{"allow":["GET"]}}],"collection":[{"href":"https:\/\/www.zvonecek.cz\/intranet\/wp-json\/wp\/v2\/pages"}],"about":[{"href":"https:\/\/www.zvonecek.cz\/intranet\/wp-json\/wp\/v2\/types\/page"}],"author":[{"embeddable":true,"href":"https:\/\/www.zvonecek.cz\/intranet\/wp-json\/wp\/v2\/users\/1"}],"replies":[{"embeddable":true,"href":"https:\/\/www.zvonecek.cz\/intranet\/wp-json\/wp\/v2\/comments?post=849"}],"version-history":[{"count":0,"href":"https:\/\/www.zvonecek.cz\/intranet\/wp-json\/wp\/v2\/pages\/849\/revisions"}],"wp:attachment":[{"href":"https:\/\/www.zvonecek.cz\/intranet\/wp-json\/wp\/v2\/media?parent=849"}],"curies":[{"name":"wp","href":"https:\/\/api.w.org\/{rel}","templated":true}]}}