{"id":853,"date":"2021-02-20T20:23:30","date_gmt":"2021-02-20T20:23:30","guid":{"rendered":"http:\/\/www.zvonecek.space\/intranet\/password-reset\/"},"modified":"2021-03-15T15:57:33","modified_gmt":"2021-03-15T14:57:33","slug":"password-reset","status":"publish","type":"page","link":"https:\/\/www.zvonecek.cz\/intranet\/password-reset\/","title":{"rendered":"Obnoven\u00ed hesla"},"content":{"rendered":"<div class=\"wpb-content-wrapper\"><p>[vc_row][vc_column][vc_column_text]\n<div class=\"um um-password um-um_password_id\">\n\t<div class=\"um-form\">\n\t\t<form method=\"post\" action=\"\">\n\t\t\t\n\t\t\t\t<input type=\"hidden\" name=\"_um_password_reset\" id=\"_um_password_reset\" value=\"1\" \/>\n\n\t\t\t\t\t\t\t\t\t<div class=\"um-field um-field-block um-field-type_block\">\n\t\t\t\t\t\t<div class=\"um-field-block\">\n\t\t\t\t\t\t\t<div style=\"text-align:center;\">\n\t\t\t\t\t\t\t\tPro obnovu hesla zadejte n\u00ed\u017ee va\u0161i e-mailovou adresu nebo u\u017eivatelsk\u00e9 jm\u00e9no.\t\t\t\t\t\t\t<\/div>\n\t\t\t\t\t\t<\/div>\n\t\t\t\t\t<\/div>\n\t\t\t\t<div  id=\"um_field_0_username_b\" class=\"um-field um-field-text  um-field-username_b um-field-text um-field-type_text\" data-key=\"username_b\"><div class=\"um-field-area\"><input  autocomplete=\"off\" class=\"um-form-field valid \" type=\"text\" name=\"username_b\" id=\"username_b\" value=\"\" placeholder=\"Zadejte va\u0161e u\u017eivatelsk\u00e9 jm\u00e9no nebo e-mail\" data-validate=\"\" data-key=\"username_b\"  aria-invalid=\"false\" \/>\n\n\t\t\t\t\t\t<\/div><\/div>\n<div class=\"g-recaptcha\" id=\"um-um_password_id\" data-mode=\"password\"><\/div>\n\n\n\t\t\t\t<div class=\"um-col-alt um-col-alt-b\">\n\n\t\t\t\t\t<div class=\"um-center\">\n\t\t\t\t\t\t<input type=\"submit\" value=\"Obnovit heslo\" class=\"um-button\" id=\"um-submit-btn\" \/>\n\t\t\t\t\t<\/div>\n\n\t\t\t\t\t<div class=\"um-clear\"><\/div>\n\n\t\t\t\t<\/div>\n\n\t\t\t\t\t\t<input type=\"hidden\" name=\"form_id\" id=\"form_id_um_password_id\" value=\"um_password_id\" \/>\n\t\n\t<p class=\"um_request_name\">\n\t\t<label for=\"um_request_um_password_id\">Only fill in if you are not human<\/label>\n\t\t<input type=\"hidden\" name=\"um_request\" id=\"um_request_um_password_id\" class=\"input\" value=\"\" size=\"25\" autocomplete=\"off\" \/>\n\t<\/p>\n\n\t\t\t<\/form>\n\t<\/div>\n<\/div>\n<style>\n\t\t\t.um-um_password_id.um {\n\t\t\tmax-width: 450px;\n\t\t}\n\t\t<\/style>\n[\/vc_column_text][\/vc_column][\/vc_row][vc_row][vc_column][vc_column_text]<\/p>\n<p style=\"text-align: center;\">Emaily \u010dasto padaj\u00ed do spamu. Pros\u00edm zkontrolujte si spamovou schr\u00e1nku.<\/p>\n<p>[\/vc_column_text][\/vc_column][\/vc_row]<\/p>\n<\/div>","protected":false},"excerpt":{"rendered":"<p>[vc_row][vc_column][vc_column_text][\/vc_column_text][\/vc_column][\/vc_row][vc_row][vc_column][vc_column_text] Emaily \u010dasto padaj\u00ed do spamu. Pros\u00edm zkontrolujte si spamovou schr\u00e1nku. [\/vc_column_text][\/vc_column][\/vc_row]<\/p>\n","protected":false},"author":1,"featured_media":0,"parent":0,"menu_order":0,"comment_status":"closed","ping_status":"closed","template":"","meta":{"footnotes":""},"class_list":["post-853","page","type-page","status-publish","hentry","entry"],"_links":{"self":[{"href":"https:\/\/www.zvonecek.cz\/intranet\/wp-json\/wp\/v2\/pages\/853","targetHints":{"allow":["GET"]}}],"collection":[{"href":"https:\/\/www.zvonecek.cz\/intranet\/wp-json\/wp\/v2\/pages"}],"about":[{"href":"https:\/\/www.zvonecek.cz\/intranet\/wp-json\/wp\/v2\/types\/page"}],"author":[{"embeddable":true,"href":"https:\/\/www.zvonecek.cz\/intranet\/wp-json\/wp\/v2\/users\/1"}],"replies":[{"embeddable":true,"href":"https:\/\/www.zvonecek.cz\/intranet\/wp-json\/wp\/v2\/comments?post=853"}],"version-history":[{"count":2,"href":"https:\/\/www.zvonecek.cz\/intranet\/wp-json\/wp\/v2\/pages\/853\/revisions"}],"predecessor-version":[{"id":1481,"href":"https:\/\/www.zvonecek.cz\/intranet\/wp-json\/wp\/v2\/pages\/853\/revisions\/1481"}],"wp:attachment":[{"href":"https:\/\/www.zvonecek.cz\/intranet\/wp-json\/wp\/v2\/media?parent=853"}],"curies":[{"name":"wp","href":"https:\/\/api.w.org\/{rel}","templated":true}]}}